{"id":91,"date":"2023-04-27T10:16:47","date_gmt":"2023-04-27T08:16:47","guid":{"rendered":"https:\/\/coachingsomatique.be\/?page_id=91"},"modified":"2023-04-27T12:37:09","modified_gmt":"2023-04-27T10:37:09","slug":"agenda","status":"publish","type":"page","link":"https:\/\/coachingsomatique.be\/?page_id=91","title":{"rendered":"Ateliers"},"content":{"rendered":"\t\t<div data-elementor-type=\"wp-page\" data-elementor-id=\"91\" class=\"elementor elementor-91\" data-elementor-post-type=\"page\">\n\t\t\t\t\t\t<section class=\"elementor-section elementor-top-section elementor-element elementor-element-e38d220 elementor-section-boxed elementor-section-height-default elementor-section-height-default\" data-id=\"e38d220\" data-element_type=\"section\">\n\t\t\t\t\t\t<div class=\"elementor-container elementor-column-gap-default\">\n\t\t\t\t\t<div class=\"elementor-column elementor-col-100 elementor-top-column elementor-element elementor-element-b09e0e8\" data-id=\"b09e0e8\" data-element_type=\"column\">\n\t\t\t<div class=\"elementor-widget-wrap elementor-element-populated\">\n\t\t\t\t\t\t<div class=\"elementor-element elementor-element-13fa928f elementor-widget elementor-widget-heading\" data-id=\"13fa928f\" data-element_type=\"widget\" data-widget_type=\"heading.default\">\n\t\t\t\t<div class=\"elementor-widget-container\">\n\t\t\t<style>\/*! elementor - v3.21.0 - 26-05-2024 *\/\n.elementor-heading-title{padding:0;margin:0;line-height:1}.elementor-widget-heading .elementor-heading-title[class*=elementor-size-]>a{color:inherit;font-size:inherit;line-height:inherit}.elementor-widget-heading .elementor-heading-title.elementor-size-small{font-size:15px}.elementor-widget-heading .elementor-heading-title.elementor-size-medium{font-size:19px}.elementor-widget-heading .elementor-heading-title.elementor-size-large{font-size:29px}.elementor-widget-heading .elementor-heading-title.elementor-size-xl{font-size:39px}.elementor-widget-heading .elementor-heading-title.elementor-size-xxl{font-size:59px}<\/style><h3 class=\"elementor-heading-title elementor-size-default\">ART COACHING <\/h3>\t\t<\/div>\n\t\t\t\t<\/div>\n\t\t\t\t<div class=\"elementor-element elementor-element-262cbfd0 elementor-widget elementor-widget-text-editor\" data-id=\"262cbfd0\" data-element_type=\"widget\" data-widget_type=\"text-editor.default\">\n\t\t\t\t<div class=\"elementor-widget-container\">\n\t\t\t<style>\/*! elementor - v3.21.0 - 26-05-2024 *\/\n.elementor-widget-text-editor.elementor-drop-cap-view-stacked .elementor-drop-cap{background-color:#69727d;color:#fff}.elementor-widget-text-editor.elementor-drop-cap-view-framed .elementor-drop-cap{color:#69727d;border:3px solid;background-color:transparent}.elementor-widget-text-editor:not(.elementor-drop-cap-view-default) .elementor-drop-cap{margin-top:8px}.elementor-widget-text-editor:not(.elementor-drop-cap-view-default) .elementor-drop-cap-letter{width:1em;height:1em}.elementor-widget-text-editor .elementor-drop-cap{float:left;text-align:center;line-height:1;font-size:50px}.elementor-widget-text-editor .elementor-drop-cap-letter{display:inline-block}<\/style>\t\t\t\t<p>ATELIER D\u00c9COUVERTE (2 journ\u00e9es)<\/p>\t\t\t\t\t\t<\/div>\n\t\t\t\t<\/div>\n\t\t\t\t\t<\/div>\n\t\t<\/div>\n\t\t\t\t\t<\/div>\n\t\t<\/section>\n\t\t\t\t<section class=\"elementor-section elementor-top-section elementor-element elementor-element-752c61db elementor-section-content-middle elementor-section-boxed elementor-section-height-default elementor-section-height-default\" data-id=\"752c61db\" data-element_type=\"section\">\n\t\t\t\t\t\t<div class=\"elementor-container elementor-column-gap-no\">\n\t\t\t\t\t<div class=\"elementor-column elementor-col-50 elementor-top-column elementor-element elementor-element-232a1778\" data-id=\"232a1778\" data-element_type=\"column\">\n\t\t\t<div class=\"elementor-widget-wrap elementor-element-populated\">\n\t\t\t\t\t\t<div class=\"elementor-element elementor-element-3036684f elementor-widget elementor-widget-text-editor\" data-id=\"3036684f\" data-element_type=\"widget\" data-widget_type=\"text-editor.default\">\n\t\t\t\t<div class=\"elementor-widget-container\">\n\t\t\t\t\t\t\t<p>Exp\u00e9rimentation ludique d\u2019outils artistiques pour l\u2019\u00e9panouissement personnel et pour mieux vivre.<br \/>Venez explorer une m\u00e9thode puissante et surprenante bas\u00e9e sur l\u2019expression artistique, le coaching g\u00e9n\u00e9ratif et l&rsquo;intelligence du corps, \u00e0 travers la peinture, la musique, le th\u00e9\u00e2tre, la danse ou la sculpture.<\/p><p>Une opportunit\u00e9 d\u2019aller \u00e0 la rencontre de soi autrement, de mieux communiquer avec les autres, d\u2019augmenter la confiance en soi.<\/p><p>Atelier interactif ouvert \u00e0 tous \u2013 aucun pr\u00e9requis artistique!<br \/>Aussi pour les coachs et les professionnels de l\u2019accompagnement.<\/p>\t\t\t\t\t\t<\/div>\n\t\t\t\t<\/div>\n\t\t\t\t<div class=\"elementor-element elementor-element-da9c29a elementor-widget elementor-widget-text-editor\" data-id=\"da9c29a\" data-element_type=\"widget\" data-widget_type=\"text-editor.default\">\n\t\t\t\t<div class=\"elementor-widget-container\">\n\t\t\t\t\t\t\tProchaines dates :\nsamedi et dimanche 25 &#8211; 26 mai 2023 (9h30-16h30)\t\t\t\t\t\t<\/div>\n\t\t\t\t<\/div>\n\t\t\t\t\t<\/div>\n\t\t<\/div>\n\t\t\t\t<div class=\"elementor-column elementor-col-50 elementor-top-column elementor-element elementor-element-4b20fc04\" data-id=\"4b20fc04\" data-element_type=\"column\">\n\t\t\t<div class=\"elementor-widget-wrap elementor-element-populated\">\n\t\t\t\t\t\t<div class=\"elementor-element elementor-element-50381e8e elementor-widget elementor-widget-image\" data-id=\"50381e8e\" data-element_type=\"widget\" data-widget_type=\"image.default\">\n\t\t\t\t<div class=\"elementor-widget-container\">\n\t\t\t<style>\/*! elementor - v3.21.0 - 26-05-2024 *\/\n.elementor-widget-image{text-align:center}.elementor-widget-image a{display:inline-block}.elementor-widget-image a img[src$=\".svg\"]{width:48px}.elementor-widget-image img{vertical-align:middle;display:inline-block}<\/style>\t\t\t\t\t\t\t\t\t\t<img fetchpriority=\"high\" decoding=\"async\" width=\"2560\" height=\"1707\" src=\"https:\/\/coachingsomatique.be\/wp-content\/uploads\/2023\/04\/hot-air-balloon-flying-up-2021-08-27-19-17-30-utc-scaled.jpg\" class=\"attachment-full size-full wp-image-151\" alt=\"hot-air-balloon-flying-up-2021-08-27-19-17-30-utc\" srcset=\"https:\/\/coachingsomatique.be\/wp-content\/uploads\/2023\/04\/hot-air-balloon-flying-up-2021-08-27-19-17-30-utc-scaled.jpg 2560w, https:\/\/coachingsomatique.be\/wp-content\/uploads\/2023\/04\/hot-air-balloon-flying-up-2021-08-27-19-17-30-utc-300x200.jpg 300w, https:\/\/coachingsomatique.be\/wp-content\/uploads\/2023\/04\/hot-air-balloon-flying-up-2021-08-27-19-17-30-utc-1024x683.jpg 1024w, https:\/\/coachingsomatique.be\/wp-content\/uploads\/2023\/04\/hot-air-balloon-flying-up-2021-08-27-19-17-30-utc-768x512.jpg 768w, https:\/\/coachingsomatique.be\/wp-content\/uploads\/2023\/04\/hot-air-balloon-flying-up-2021-08-27-19-17-30-utc-1536x1024.jpg 1536w, https:\/\/coachingsomatique.be\/wp-content\/uploads\/2023\/04\/hot-air-balloon-flying-up-2021-08-27-19-17-30-utc-2048x1365.jpg 2048w\" sizes=\"(max-width: 2560px) 100vw, 2560px\" \/>\t\t\t\t\t\t\t\t\t\t\t\t\t<\/div>\n\t\t\t\t<\/div>\n\t\t\t\t<div class=\"elementor-element elementor-element-0afc8fa elementor-widget elementor-widget-heading\" data-id=\"0afc8fa\" data-element_type=\"widget\" data-widget_type=\"heading.default\">\n\t\t\t\t<div class=\"elementor-widget-container\">\n\t\t\t<h2 class=\"elementor-heading-title elementor-size-default\">Anim\u00e9 par Evy Roth & Sylvia Hollander\n<\/h2>\t\t<\/div>\n\t\t\t\t<\/div>\n\t\t\t\t<div class=\"elementor-element elementor-element-3b8032d elementor-widget elementor-widget-heading\" data-id=\"3b8032d\" data-element_type=\"widget\" data-widget_type=\"heading.default\">\n\t\t\t\t<div class=\"elementor-widget-container\">\n\t\t\t<h2 class=\"elementor-heading-title elementor-size-default\">\nL'une compose l'autre danse\u2026 Deux artistes-animatrices et coachs PNL\ncertifi\u00e9es vous invitent \u00e0 l'exploration de ce qui vous anime.\n\nEvy\nMusicienne &amp; coach de la voix et coach PNL certifi\u00e9e\nSylvia\nDanseuse, communicatrice et coach PNL certifi\u00e9e<\/h2>\t\t<\/div>\n\t\t\t\t<\/div>\n\t\t\t\t\t<\/div>\n\t\t<\/div>\n\t\t\t\t\t<\/div>\n\t\t<\/section>\n\t\t\t\t<section class=\"elementor-section elementor-top-section elementor-element elementor-element-7e7e63e elementor-section-boxed elementor-section-height-default elementor-section-height-default\" data-id=\"7e7e63e\" data-element_type=\"section\">\n\t\t\t\t\t\t<div class=\"elementor-container elementor-column-gap-default\">\n\t\t\t\t\t<div class=\"elementor-column elementor-col-66 elementor-top-column elementor-element elementor-element-1bd8772\" data-id=\"1bd8772\" data-element_type=\"column\">\n\t\t\t<div class=\"elementor-widget-wrap elementor-element-populated\">\n\t\t\t\t\t\t<div class=\"elementor-element elementor-element-a3d3ba8 elementor-widget elementor-widget-text-editor\" data-id=\"a3d3ba8\" data-element_type=\"widget\" data-widget_type=\"text-editor.default\">\n\t\t\t\t<div class=\"elementor-widget-container\">\n\t\t\t\t\t\t\t<p><strong>Infos et r\u00e9servations :<\/strong><\/p><p><strong> 0476\/631391 &#8211; 0488\/224708<\/strong><\/p><p><strong>Tarifs :<\/strong><br \/>Particuliers \/ Associatif : 450\u20ac TTC<br \/>Ind\u00e9pendants \/ Entreprises : 580\u20ac TTC<\/p>\t\t\t\t\t\t<\/div>\n\t\t\t\t<\/div>\n\t\t\t\t<div class=\"elementor-element elementor-element-6931d22 elementor-widget elementor-widget-text-editor\" data-id=\"6931d22\" data-element_type=\"widget\" data-widget_type=\"text-editor.default\">\n\t\t\t\t<div class=\"elementor-widget-container\">\n\t\t\t\t\t\t\t<p><strong>Adresse\u00a0:<\/strong><br \/>Galerie des Princes 5<br \/>B-1000 Bruxelles<br \/>Train \/ Bus \/ M\u00e9tro\u00a0: Gare Centrale, De Brouck\u00e8re, Bourse<br \/>Parking\u00a0: Ecuyer, Monnaie, Grand Place, Albertina<\/p>\t\t\t\t\t\t<\/div>\n\t\t\t\t<\/div>\n\t\t\t\t\t<\/div>\n\t\t<\/div>\n\t\t\t\t<div class=\"elementor-column elementor-col-33 elementor-top-column elementor-element elementor-element-425622a\" data-id=\"425622a\" data-element_type=\"column\">\n\t\t\t<div class=\"elementor-widget-wrap elementor-element-populated\">\n\t\t\t\t\t\t<div class=\"elementor-element elementor-element-743a009 elementor-widget elementor-widget-google_maps\" data-id=\"743a009\" data-element_type=\"widget\" data-widget_type=\"google_maps.default\">\n\t\t\t\t<div class=\"elementor-widget-container\">\n\t\t\t<style>\/*! elementor - v3.21.0 - 26-05-2024 *\/\n.elementor-widget-google_maps .elementor-widget-container{overflow:hidden}.elementor-widget-google_maps .elementor-custom-embed{line-height:0}.elementor-widget-google_maps iframe{height:300px}<\/style>\t\t<div class=\"elementor-custom-embed\">\n\t\t\t<iframe loading=\"lazy\"\n\t\t\t\t\tsrc=\"https:\/\/maps.google.com\/maps?q=Galerie%20des%20Princes%205&#038;t=m&#038;z=13&#038;output=embed&#038;iwloc=near\"\n\t\t\t\t\ttitle=\"Galerie des Princes 5\"\n\t\t\t\t\taria-label=\"Galerie des Princes 5\"\n\t\t\t><\/iframe>\n\t\t<\/div>\n\t\t\t\t<\/div>\n\t\t\t\t<\/div>\n\t\t\t\t\t<\/div>\n\t\t<\/div>\n\t\t\t\t\t<\/div>\n\t\t<\/section>\n\t\t\t\t<\/div>\n\t\t","protected":false},"excerpt":{"rendered":"<p>ART COACHING ATELIER D\u00c9COUVERTE (2 journ\u00e9es) Exp\u00e9rimentation ludique d\u2019outils artistiques pour l\u2019\u00e9panouissement personnel et pour mieux vivre.Venez explorer une m\u00e9thode puissante et surprenante bas\u00e9e sur l\u2019expression artistique, le coaching g\u00e9n\u00e9ratif et l&rsquo;intelligence du corps, \u00e0 travers la peinture, la musique, le th\u00e9\u00e2tre, la danse ou la sculpture. Une opportunit\u00e9 d\u2019aller \u00e0 la rencontre de soi [&hellip;]<\/p>\n","protected":false},"author":2,"featured_media":0,"parent":0,"menu_order":0,"comment_status":"closed","ping_status":"closed","template":"","meta":{"footnotes":""},"_links":{"self":[{"href":"https:\/\/coachingsomatique.be\/index.php?rest_route=\/wp\/v2\/pages\/91"}],"collection":[{"href":"https:\/\/coachingsomatique.be\/index.php?rest_route=\/wp\/v2\/pages"}],"about":[{"href":"https:\/\/coachingsomatique.be\/index.php?rest_route=\/wp\/v2\/types\/page"}],"author":[{"embeddable":true,"href":"https:\/\/coachingsomatique.be\/index.php?rest_route=\/wp\/v2\/users\/2"}],"replies":[{"embeddable":true,"href":"https:\/\/coachingsomatique.be\/index.php?rest_route=%2Fwp%2Fv2%2Fcomments&post=91"}],"version-history":[{"count":17,"href":"https:\/\/coachingsomatique.be\/index.php?rest_route=\/wp\/v2\/pages\/91\/revisions"}],"predecessor-version":[{"id":172,"href":"https:\/\/coachingsomatique.be\/index.php?rest_route=\/wp\/v2\/pages\/91\/revisions\/172"}],"wp:attachment":[{"href":"https:\/\/coachingsomatique.be\/index.php?rest_route=%2Fwp%2Fv2%2Fmedia&parent=91"}],"curies":[{"name":"wp","href":"https:\/\/api.w.org\/{rel}","templated":true}]}}